{"id":11670,"date":"2019-02-28T10:21:30","date_gmt":"2019-02-28T09:21:30","guid":{"rendered":"https:\/\/www.appartamentirelax.com\/?page_id=11670"},"modified":"2024-11-12T09:34:56","modified_gmt":"2024-11-12T08:34:56","slug":"appartamenti-relax-nus","status":"publish","type":"page","link":"https:\/\/www.appartamentirelax.com\/de\/","title":{"rendered":"Appartamenti relax Nus"},"content":{"rendered":"<div class=\"wpb-content-wrapper\">[vc_row row_type=&#8221;1&#8243;][vc_column][rev_slider_vc alias=&#8221;home-ted&#8221;][\/vc_column][\/vc_row][vc_row][vc_column css=&#8221;.vc_custom_1474798729409{padding-top: 2px !important;}&#8221;]<hr class=\"vertical-space5\">[vc_row_inner][vc_column_inner width=&#8221;1\/6&#8243;][\/vc_column_inner][vc_column_inner width=&#8221;2\/3&#8243;]<article class=\"title-plus-text type-3 center \" style=\"text-align:center\" ><h3 style=\"color:#73736b\">Appartamenti relax<\/h3><h2 class=\"part-1\" style=\"color:#31312c\">Gib dich dem<\/h2><h2 class=\"part-2\" style=\"color:#5aa300\">Relax hin<\/h2><p>Lass den Stress hinter dir und g\u00f6nne dir einen erholsamen Urlaub in einem unserer gem\u00fctlichen Apartments.<\/p><\/article>[\/vc_column_inner][vc_column_inner width=&#8221;1\/6&#8243;][\/vc_column_inner][\/vc_row_inner][vc_row_inner][vc_column_inner]<hr class=\"vertical-space2\">[\/vc_column_inner][\/vc_row_inner][\/vc_column][\/vc_row][vc_row row_type=&#8221;3&#8243; blox_image=&#8221;11503&#8243; parallax_speed=&#8221;4&#8243;][vc_column css=&#8221;.vc_custom_1475315702494{padding-bottom: 4px !important;}&#8221;]<hr class=\"vertical-space2\">[vc_row_inner][vc_column_inner width=&#8221;1\/2&#8243;]<article class=\"title-plus-text type-3 left \" style=\"text-align:left\" ><h2 class=\"part-1\" style=\"color:#ffffff\">Wo<\/h2><h2 class=\"part-2\" style=\"color:#28b1ef\">wir sind<\/h2><\/article>[\/vc_column_inner][vc_column_inner width=&#8221;1\/2&#8243;][\/vc_column_inner][\/vc_row_inner]<hr class=\"vertical-space4\"><hr class=\"vertical-space4\">[vc_row_inner el_class=&#8221;padd-icon-box12&#8243;][vc_column_inner width=&#8221;1\/2&#8243; css=&#8221;.vc_custom_1475314312028{padding-right: 0px !important;}&#8221;]<article class=\"icon-box15 w-border-right\" ><img decoding=\"async\" src=\"\" alt=\"\" \/><h5>Strategische Lage<\/h5><h4>Unsere Apartments befinden sich inmitten des Aostatals.<\/h4><p>Von hier aus kann man bequem die f\u00fchrenden Skiorte und die bewundernswertesten Natursch\u00f6nheiten erreichen.<\/p><\/article>[\/vc_column_inner][vc_column_inner width=&#8221;1\/2&#8243; css=&#8221;.vc_custom_1475314319872{padding-left: 0px !important;}&#8221;]<article class=\"icon-box15\" ><img decoding=\"async\" src=\"\" alt=\"\" \/><h5>N\u00fctzliche Info<\/h5><h4>Die Appartamenti Relax befinden sich im Herzen der Ortschaft der Gemeinde Nus.<\/h4><p>In 50 Metern Reichweite findet man einen Tabakladen, eine B\u00e4ckerei, Despar, Restaurants, Konditoreien, den Spielplatz des Gemeindeplatzes, Ladestellen f\u00fcr Elektroautos sowie den Zug- und Busbahnhof.<br \/>\nIn 10 Minuten k\u00f6nnt ihr die Altstadt Aostas erreichen und die diversen r\u00f6mischen St\u00e4tten besuchen, zu denen auch ein Fahrradweg f\u00fchrt.<\/p><\/article>[\/vc_column_inner][\/vc_row_inner]<hr class=\"vertical-space5\">[\/vc_column][\/vc_row][vc_row row_type=&#8221;2&#8243; blox_bgcolor=&#8221;#ffffff&#8221;][vc_column]<hr class=\"vertical-space5\"><hr class=\"vertical-space2\"><article class=\"title-plus-text type-3 center \" style=\"text-align:center\" ><h3 style=\"color:#73736b\">W\u00e4hle<\/h3><h2 class=\"part-1\" style=\"color:#31312c\">dein<\/h2><h2 class=\"part-2\" style=\"color:#5aa300\">Apartment<\/h2><p>Wir verf\u00fcgen \u00fcber diverse M\u00f6glichkeiten, passend sowohl f\u00fcr Gro\u00dffamilien als auch f\u00fcr Paare und romantische Wochenenden.<\/p><\/article><hr class=\"vertical-space2\">[\/vc_column][\/vc_row][vc_row row_type=&#8221;2&#8243; blox_padding_top=&#8221;50px&#8221; blox_bgcolor=&#8221;#ffffff&#8221;][vc_column width=&#8221;1\/2&#8243;]<div class=\"teaser-box5\"><a href=\"\/de\/nus-appartamenti-relax\/leon\/\"><img decoding=\"async\" class=\"teaser-image \" src=\"https:\/\/www.appartamentirelax.com\/wp-content\/uploads\/2019\/01\/appartamento-per-vacanze-nus.jpg\" alt=\"\"><h4 class=\"teaser-title has-image\">Leon<\/h4><h5 class=\"teaser-subtitle\">Apartment mit Whirlpool<\/h5><\/a><\/div>[\/vc_column][vc_column width=&#8221;1\/2&#8243;]<div class=\"teaser-box5\"><a href=\"\/de\/nus-appartamenti-relax\/castiel\/\"><img decoding=\"async\" class=\"teaser-image \" src=\"https:\/\/www.appartamentirelax.com\/wp-content\/uploads\/2019\/01\/castiel-a-nus.jpg\" alt=\"\"><h4 class=\"teaser-title has-image\">Castiel<\/h4><h5 class=\"teaser-subtitle\">Apartment, zweist\u00f6ckig mit Whirlpool<\/h5><\/a><\/div>[\/vc_column][\/vc_row][vc_row row_type=&#8221;2&#8243; blox_bgcolor=&#8221;#ffffff&#8221;][vc_column width=&#8221;1\/2&#8243;]<div class=\"teaser-box5\"><a href=\"\/de\/nus-appartamenti-relax\/margot-appartamento-con-doccia\/\"><img decoding=\"async\" class=\"teaser-image \" src=\"https:\/\/www.appartamentirelax.com\/wp-content\/uploads\/2018\/12\/casa-in-nus.jpg\" alt=\"\"><h4 class=\"teaser-title has-image\">Margot<\/h4><h5 class=\"teaser-subtitle\">Apartment mit Dusche<\/h5><\/a><\/div>[\/vc_column][vc_column width=&#8221;1\/2&#8243;]<div class=\"teaser-box5\"><a href=\"\/de\/bilocale-vasca-sauna\/\"><img decoding=\"async\" class=\"teaser-image \" src=\"https:\/\/www.appartamentirelax.com\/wp-content\/uploads\/2021\/11\/appartamenti-affitto-nus3.jpg\" alt=\"\"><h4 class=\"teaser-title has-image\">JONA<\/h4><h5 class=\"teaser-subtitle\">Zweizimmerwohnung mit Jacuzzi und Sauna<\/h5><\/a><\/div>[\/vc_column][\/vc_row][vc_row row_type=&#8221;2&#8243; blox_bgcolor=&#8221;#ffffff&#8221;][vc_column width=&#8221;1\/2&#8243;]<div class=\"teaser-box5\"><a href=\"\/de\/nus-appartamenti-relax\/pam\/\"><img decoding=\"async\" class=\"teaser-image \" src=\"https:\/\/www.appartamentirelax.com\/wp-content\/uploads\/2024\/11\/pam-appartamento-nus1.jpg\" alt=\"\"><h4 class=\"teaser-title has-image\">Pam<\/h4><h5 class=\"teaser-subtitle\">Einzimmerapartment mit Whirlpool<\/h5><\/a><\/div>[\/vc_column][vc_column width=&#8221;1\/2&#8243;]<div class=\"teaser-box5\"><a href=\"\/de\/nus-appartamenti-relax\/jean-apartment-mit-einem-schlafzimmer-mit-jacuzzi\/\"><img decoding=\"async\" class=\"teaser-image \" src=\"https:\/\/www.appartamentirelax.com\/wp-content\/uploads\/2023\/01\/jacuzzi-apartment-aostavalley.jpg\" alt=\"\"><h4 class=\"teaser-title has-image\">Jean<\/h4><h5 class=\"teaser-subtitle\">Einzimmerapartment mit Whirlpool<\/h5><\/a><\/div>[\/vc_column][\/vc_row][vc_row row_type=&#8221;2&#8243; blox_bgcolor=&#8221;#ffffff&#8221;][vc_column width=&#8221;1\/2&#8243;]<div class=\"teaser-box5\"><a href=\"\/de\/nus-appartamenti-relax\/industry-appartamento-con-vasca-idromassaggio\/\"><img decoding=\"async\" class=\"teaser-image \" src=\"https:\/\/www.appartamentirelax.com\/wp-content\/uploads\/2024\/02\/appartamento-industry-2.jpg\" alt=\"\"><h4 class=\"teaser-title has-image\">INDUSTRY<\/h4><h5 class=\"teaser-subtitle\">Apartment mit Whirlpool<\/h5><\/a><\/div>[\/vc_column][vc_column width=&#8221;1\/2&#8243;]<div class=\"teaser-box5\"><a href=\"\/de\/nus-appartamenti-relax\/natural-appartamento-con-vasca-idromassaggio\/\"><img decoding=\"async\" class=\"teaser-image \" src=\"https:\/\/www.appartamentirelax.com\/wp-content\/uploads\/2024\/02\/natural-5.jpg\" alt=\"\"><h4 class=\"teaser-title has-image\">NATURAL<\/h4><h5 class=\"teaser-subtitle\">Apartment mit Whirlpool<\/h5><\/a><\/div>[\/vc_column][\/vc_row][vc_row row_type=&#8221;2&#8243; blox_bgcolor=&#8221;#ffffff&#8221;][vc_column width=&#8221;1\/2&#8243;]<div class=\"teaser-box5\"><a href=\"\/de\/nus-appartamenti-relax\/bouquet-monolocale-con-vasca-idromassaggio\/\"><img decoding=\"async\" class=\"teaser-image \" src=\"https:\/\/www.appartamentirelax.com\/wp-content\/uploads\/2024\/11\/appartamento-bouquet-1.jpg\" alt=\"\"><h4 class=\"teaser-title has-image\">BOUQUET<\/h4><h5 class=\"teaser-subtitle\">Einzimmerapartment mit Whirlpool<\/h5><\/a><\/div>[\/vc_column][vc_column width=&#8221;1\/2&#8243;]<div class=\"teaser-box5\"><a href=\"\/de\/nus-appartamenti-relax\/simon-appartamento-con-vasca-idromassaggio\/\"><img decoding=\"async\" class=\"teaser-image \" src=\"https:\/\/www.appartamentirelax.com\/wp-content\/uploads\/2023\/01\/simon-appartamento-valledaosta-con-jacuzzi.jpg\" alt=\"\"><h4 class=\"teaser-title has-image\">SIMON<\/h4><h5 class=\"teaser-subtitle\">Einzimmerapartment mit Whirlpool<\/h5><\/a><\/div>[\/vc_column][\/vc_row][vc_row row_type=&#8221;2&#8243; blox_bgcolor=&#8221;#ffffff&#8221;][vc_column width=&#8221;1\/2&#8243;]<div class=\"teaser-box5\"><a href=\"\/de\/nus-appartamenti-relax\/spa-appartamento-con-vasca-idromassaggio-e-sauna\/\"><img decoding=\"async\" class=\"teaser-image \" src=\"https:\/\/www.appartamentirelax.com\/wp-content\/uploads\/2024\/11\/Nus-appartamenti-vacanza-7.jpg\" alt=\"\"><h4 class=\"teaser-title has-image\">SPA<\/h4><h5 class=\"teaser-subtitle\">Apartment mit Whirlpool und Sauna<\/h5><\/a><\/div>[\/vc_column][\/vc_row][vc_row row_type=&#8221;3&#8243; animate=&#8221;&#8221; blox_image=&#8221;11208&#8243; blox_bgcolor=&#8221;#efe7bd&#8221;][vc_column][vc_empty_space height=&#8221;99px&#8221;]<article class=\"title-plus-text type-3 center \" style=\"text-align:center\" ><h3 style=\"color:#73736b\">Buche<\/h3><h2 class=\"part-1\" style=\"color:#31312c\">auf unserer<\/h2><h2 class=\"part-2\" style=\"color:#5aa300\">seite<\/h2><p>Wir bieten jenen, die direkt auf unserer Seite buchen, gro\u00dfe Vorteile. Entdecke sie hier!<\/p><\/article>[vc_row_inner][vc_column_inner width=&#8221;1\/3&#8243;]<hr class=\"vertical-space1\"><article class=\"icon-box8\" ><i class=\"pe-7s-smile\" style=\"\"><\/i><h4>Direkte Verbindung<\/h4><p>Es gibt keine Mittelspersonen, ihr seid in direktem Kontakt mit uns<\/p><\/article><hr class=\"vertical-space1\">[\/vc_column_inner][vc_column_inner width=&#8221;1\/3&#8243;]<hr class=\"vertical-space1\"><article class=\"icon-box8\" ><i class=\"pe-7s-junk\" style=\"\"><\/i><h4>Flexible Stornierung<\/h4><p>Eine flexiblere Stornorichtlinie ist vorgesehen, wenn direkt auf unserer Seite gebucht wird<\/p><\/article><hr class=\"vertical-space1\">[\/vc_column_inner][vc_column_inner width=&#8221;1\/3&#8243;]<hr class=\"vertical-space1\"><article class=\"icon-box8\" ><i class=\"pe-7s-piggy\" style=\"\"><\/i><h4>Bester Tarif<\/h4><p>Du bekommst den besten, verf\u00fcgbaren Tarif<\/p><\/article><hr class=\"vertical-space1\">[\/vc_column_inner][\/vc_row_inner]<hr class=\"vertical-space2\">[vc_empty_space height=&#8221;99px&#8221;][\/vc_column][\/vc_row]\n<\/div>","protected":false},"excerpt":{"rendered":"<p>[vc_row row_type=&#8221;1&#8243;][vc_column][rev_slider_vc alias=&#8221;home-ted&#8221;][\/vc_column][\/vc_row][vc_row][vc_column css=&#8221;.vc_custom_1474798729409{padding-top: 2px !important;}&#8221;][vc_row_inner][vc_column_inner width=&#8221;1\/6&#8243;][\/vc_column_inner][vc_column_inner width=&#8221;2\/3&#8243;][\/vc_column_inner][vc_column_inner width=&#8221;1\/6&#8243;][\/vc_column_inner][\/vc_row_inner][vc_row_inner][vc_column_inner][\/vc_column_inner][\/vc_row_inner][\/vc_column][\/vc_row][vc_row row_type=&#8221;3&#8243; blox_image=&#8221;11503&#8243; parallax_speed=&#8221;4&#8243;][vc_column css=&#8221;.vc_custom_1475315702494{padding-bottom: 4px !important;}&#8221;][vc_row_inner][vc_column_inner width=&#8221;1\/2&#8243;][\/vc_column_inner][vc_column_inner width=&#8221;1\/2&#8243;][\/vc_column_inner][\/vc_row_inner][vc_row_inner el_class=&#8221;padd-icon-box12&#8243;][vc_column_inner width=&#8221;1\/2&#8243; css=&#8221;.vc_custom_1475314312028{padding-right: 0px !important;}&#8221;][\/vc_column_inner][vc_column_inner width=&#8221;1\/2&#8243; css=&#8221;.vc_custom_1475314319872{padding-left: 0px !important;}&#8221;][\/vc_column_inner][\/vc_row_inner][\/vc_column][\/vc_row][vc_row row_type=&#8221;2&#8243; blox_bgcolor=&#8221;#ffffff&#8221;][vc_column][\/vc_column][\/vc_row][vc_row row_type=&#8221;2&#8243; blox_padding_top=&#8221;50px&#8221; blox_bgcolor=&#8221;#ffffff&#8221;][vc_column width=&#8221;1\/2&#8243;][\/vc_column][vc_column width=&#8221;1\/2&#8243;][\/vc_column][\/vc_row][vc_row row_type=&#8221;2&#8243; blox_bgcolor=&#8221;#ffffff&#8221;][vc_column width=&#8221;1\/2&#8243;][\/vc_column][vc_column width=&#8221;1\/2&#8243;][\/vc_column][\/vc_row][vc_row row_type=&#8221;2&#8243; blox_bgcolor=&#8221;#ffffff&#8221;][vc_column width=&#8221;1\/2&#8243;][\/vc_column][vc_column width=&#8221;1\/2&#8243;][\/vc_column][\/vc_row][vc_row row_type=&#8221;2&#8243; blox_bgcolor=&#8221;#ffffff&#8221;][vc_column width=&#8221;1\/2&#8243;][\/vc_column][vc_column width=&#8221;1\/2&#8243;][\/vc_column][\/vc_row][vc_row row_type=&#8221;2&#8243; blox_bgcolor=&#8221;#ffffff&#8221;][vc_column width=&#8221;1\/2&#8243;][\/vc_column][vc_column width=&#8221;1\/2&#8243;][\/vc_column][\/vc_row][vc_row row_type=&#8221;2&#8243; blox_bgcolor=&#8221;#ffffff&#8221;][vc_column width=&#8221;1\/2&#8243;][\/vc_column][\/vc_row][vc_row row_type=&#8221;3&#8243; animate=&#8221;&#8221; blox_image=&#8221;11208&#8243; blox_bgcolor=&#8221;#efe7bd&#8221;][vc_column][vc_empty_space height=&#8221;99px&#8221;][vc_row_inner][vc_column_inner width=&#8221;1\/3&#8243;][\/vc_column_inner][vc_column_inner width=&#8221;1\/3&#8243;][\/vc_column_inner][vc_column_inner width=&#8221;1\/3&#8243;][\/vc_column_inner][\/vc_row_inner][vc_empty_space height=&#8221;99px&#8221;][\/vc_column][\/vc_row]<\/p>\n","protected":false},"author":1,"featured_media":0,"parent":0,"menu_order":0,"comment_status":"closed","ping_status":"closed","template":"","meta":{"footnotes":""},"class_list":["post-11670","page","type-page","status-publish","hentry"],"_links":{"self":[{"href":"https:\/\/www.appartamentirelax.com\/de\/wp-json\/wp\/v2\/pages\/11670","targetHints":{"allow":["GET"]}}],"collection":[{"href":"https:\/\/www.appartamentirelax.com\/de\/wp-json\/wp\/v2\/pages"}],"about":[{"href":"https:\/\/www.appartamentirelax.com\/de\/wp-json\/wp\/v2\/types\/page"}],"author":[{"embeddable":true,"href":"https:\/\/www.appartamentirelax.com\/de\/wp-json\/wp\/v2\/users\/1"}],"replies":[{"embeddable":true,"href":"https:\/\/www.appartamentirelax.com\/de\/wp-json\/wp\/v2\/comments?post=11670"}],"version-history":[{"count":11,"href":"https:\/\/www.appartamentirelax.com\/de\/wp-json\/wp\/v2\/pages\/11670\/revisions"}],"predecessor-version":[{"id":13012,"href":"https:\/\/www.appartamentirelax.com\/de\/wp-json\/wp\/v2\/pages\/11670\/revisions\/13012"}],"wp:attachment":[{"href":"https:\/\/www.appartamentirelax.com\/de\/wp-json\/wp\/v2\/media?parent=11670"}],"curies":[{"name":"wp","href":"https:\/\/api.w.org\/{rel}","templated":true}]}}